{"id":1383,"date":"2019-09-25T09:12:02","date_gmt":"2019-09-25T09:12:02","guid":{"rendered":"https:\/\/www.intermodaltelematics.com\/privacy-statement\/"},"modified":"2019-11-01T13:59:57","modified_gmt":"2019-11-01T13:59:57","slug":"datenschutzerklaerung","status":"publish","type":"page","link":"https:\/\/www.intermodaltelematics.com\/de\/datenschutzerklaerung\/","title":{"rendered":"Datenschutzerkl\u00e4rung"},"content":{"rendered":"<div id='av_section_1'  class='avia-section main_color avia-section-default avia-no-border-styling avia-bg-style-scroll  avia-builder-el-0  avia-builder-el-no-sibling   container_wrap fullsize' style=' '  ><div class='container' ><main  role=\"main\" itemprop=\"mainContentOfPage\"  class='template-page content  av-content-full alpha units'><div class='post-entry post-entry-type-page post-entry-1383'><div class='entry-content-wrapper clearfix'>\n<section class=\"av_textblock_section \"  itemscope=\"itemscope\" itemtype=\"https:\/\/schema.org\/CreativeWork\" ><div class='avia_textblock  '   itemprop=\"text\" ><h1>Datenschutzerkl\u00e4rung<\/h1>\n<p><strong>Datenschutz- und Cookie-Erkl\u00e4rung<\/strong><br \/>\nDer Schutz der Privatsph\u00e4re und die Sicherheit von personenbezogenen Daten bedeuten Intermodal Telematics viel. Deshalb arbeiten wir mit unseren Kontakten \u00fcber verschiedene Social Media-Kan\u00e4le (u.a. Facebook, YouTube und LinkedIn) eng zusammen, um auch weiterhin alle Datenschutzbedingungen einzuhalten.<\/p>\n<p><strong>Verarbeitung personenbezogener Daten<\/strong><br \/>\nWir werden die Informationen, die Sie hinterlassen oder auf diese Website (mithilfe von Cookies, siehe unten) gestellt haben, sorgf\u00e4ltig bearbeiten. Au\u00dferdem werden auch die von Ihnen bereitgestellten Informationen, wie Name, E-Mail-Adresse, ebenfalls verarbeitet. W\u00e4hrend der Verarbeitung wird Ihre Privatsph\u00e4re durch geeignete technische und organisatorische Ma\u00dfnahmen gesch\u00fctzt. Intermodal Telematics verfolgt eine Datenschutzpolitik und eine Datensicherheitspolitik zum Schutz Ihrer Daten. Die Verarbeitung wird nat\u00fcrlich in \u00dcbereinstimmung mit den anwendbaren (Datenschutz-)Gesetzen und Bestimmungen erfolgen.<\/p>\n<p><strong>Verarbeitungszwecke<\/strong><br \/>\nDie personenbezogenen Daten, die Sie uns zur Verf\u00fcgung gestellt haben, werden nur f\u00fcr folgende Zwecke verarbeitet:<br \/>\n\u2013 um Sie zwecks Inanspruchnahme unserer Dienstleistungen zu kontaktieren;<br \/>\n\u2013 um einen Newsletter zu verschicken;<br \/>\n\u2013 f\u00fcr Marketingzwecke von Intermodal Telematics.<\/p>\n<p>Wenn Intermodal Telematics Ihre personenbezogenen Daten auf andere als die oben genannte Weise verwenden m\u00f6chte, geschieht dies nur, wenn Sie dazu Ihre Erlaubnis erteilt haben.<\/p>\n<p><strong>Wer kann Ihre Daten ansehen?<\/strong><br \/>\nNur Mitarbeiter von Intermodal Telematics und in Ausnahmef\u00e4llen Drittparteien (wie unser Software-Provider) haben Zugriff auf Ihre Daten. Unsere Mitarbeiter sind vertraglich verpflichtet, Ihre Daten vertraulich zu behandeln, und mit Drittparteien haben wir einen Datenverarbeitervertrag geschlossen, um Ihre Daten und deren Schutz abzusichern.<\/p>\n<p><strong>\u00c4nderungen in der Datenschutz- und der Cookie-Erkl\u00e4rung<\/strong><br \/>\nIntermodal Telematics beh\u00e4lt sich das Recht vor, jederzeit \u00c4nderungen an der Datenschutz- und der Cookie-Erkl\u00e4rung vorzunehmen.<\/p>\n<p><strong>Ihre Rechte<\/strong><br \/>\nSie haben das Recht:<br \/>\n\u2013 Zugang zu Ihren, bei uns gespeicherten Daten zu verlangen;<br \/>\n\u2013 eine Korrektur oder L\u00f6schung Ihrer Daten zu verlangen;<br \/>\n\u2013 gegen die Nutzung Ihrer Daten auf spezielle Weise Einspruch zu erheben.<\/p>\n<p>Intermodal Telematics verwendet auf Ihrer Website auch Cookies. In dieser Cookie-Erkl\u00e4rung erfahren Sie Weiteres \u00fcber die Cookies und dar\u00fcber, wie Intermodal Telematics die Cookies auf ihre Website und die Websites verbundener Unternehmen anwendet und wie Ihre Privatsph\u00e4re gesch\u00fctzt ist.<\/p>\n<p><strong>Was ist ein Cookie?<\/strong><br \/>\nEin Cookie ist eine einfache, kleine Datei, die zusammen mit Seiten von dieser Website verschickt wird. Ein Cookie wird von Ihrem Browser auf der Festplatte Ihres Computers gespeichert. Einige dieser Cookies sind erforderlich, damit die Website funktioniert; andere helfen uns dabei, die Website zu verbessern und sie benutzerfreundlich zu gestalten. Die mithilfe von Cookies gespeicherten Informationen k\u00f6nnen bei einem sp\u00e4teren Besuch an unsere Server zur\u00fcckgesandt werden.<\/p>\n<p><strong>Sammeln von Daten<\/strong><br \/>\nDie von Intermodal Telematics mittels Cookies gesammelten Informationen werden f\u00fcr folgende Anwendungen verwendet:<br \/>\n\u2013 F\u00fcr funktionelle Zwecke: um die Navigation auf der Website von Intermodal Telematics zu erleichtern.<br \/>\n\u2013 F\u00fcr analytische Zwecke: um die Nutzung der Intermodal Telematics-Website zu analysieren. Dadurch k\u00f6nnen wir sehen, welche Seiten am h\u00e4ufigsten besucht werden und wo Fehlermeldungen vorkommen.<br \/>\n\u2013 Zum Testen von Seiten(teilen): damit k\u00f6nnen wir unsere Website an die W\u00fcnsche und Erwartungen unserer Besucher anpassen.<\/p>\n<p><strong>Google Analytics<\/strong><br \/>\nF\u00fcr Optimierung und Analyse des Verkehrs auf der Website kommt Google Analytics zum Einsatz. Durch unsere Website wird im Rahmen des &#8222;Analytics&#8220;-Service ein Cookie der amerikanischen Firma Google gesetzt. Wir benutzen diesen Service, um zu verfolgen, wie Besucher die Website benutzen, und dar\u00fcber Berichte zu empfangen. Google kann diese Informationen Dritten zur Verf\u00fcgung stellen, wenn Google durch das Gesetz dazu verpflichtet ist oder wenn Dritte die Informationen im Namen von Google verarbeiten. Wir haben darauf keinen Einfluss. Wenn Sie die Website von Intermodal Telematics besuchen, werden einige Informationen automatisch bereitgestellt (z.B. Ihre IP-Adresse, Datum und Uhrzeit des Besuchs der Website, der von Ihnen verwendete Browser, die Zahl der Treffer und die Dauer des Website-Besuchs).<\/p>\n<p><strong>Entfernung von Cookies<\/strong><br \/>\nWenn Sie mit der Verwendung von Cookies nicht einverstanden sind, besteht die M\u00f6glichkeit, dass die Website nicht einwandfrei funktioniert. Weitere Informationen \u00fcber das Ein- und Ausschalten und das Entfernen von Cookies finden Sie auf den Hilfe-Seiten Ihres Browsers.<br \/>\nWenn Sie Fragen \u00fcber die Verarbeitung Ihrer personenbezogenen Daten durch Intermodal Telematics haben oder wenn Sie eines der obigen Rechte in Bezug auf Ihre personenbezogenen Daten wahrnehmen m\u00f6chten, k\u00f6nnen Sie uns jederzeit kontaktieren unter info@intermodaltelematics.com<\/p>\n<\/div><\/section>\n\n","protected":false},"excerpt":{"rendered":"","protected":false},"author":1,"featured_media":0,"parent":0,"menu_order":0,"comment_status":"closed","ping_status":"closed","template":"","meta":{"inline_featured_image":false,"footnotes":""},"class_list":["post-1383","page","type-page","status-publish","hentry"],"yoast_head":"<!-- This site is optimized with the Yoast SEO plugin v27.3 - https:\/\/yoast.com\/product\/yoast-seo-wordpress\/ -->\n<title>Datenschutzerkl\u00e4rung - IMT<\/title>\n<meta name=\"robots\" content=\"index, follow, max-snippet:-1, max-image-preview:large, max-video-preview:-1\" \/>\n<link rel=\"canonical\" href=\"https:\/\/www.intermodaltelematics.com\/de\/datenschutzerklaerung\/\" \/>\n<meta property=\"og:locale\" content=\"de_DE\" \/>\n<meta property=\"og:type\" content=\"article\" \/>\n<meta property=\"og:title\" content=\"Datenschutzerkl\u00e4rung - IMT\" \/>\n<meta property=\"og:url\" content=\"https:\/\/www.intermodaltelematics.com\/de\/datenschutzerklaerung\/\" \/>\n<meta property=\"og:site_name\" content=\"IMT\" \/>\n<meta property=\"article:modified_time\" content=\"2019-11-01T13:59:57+00:00\" \/>\n<meta name=\"twitter:card\" content=\"summary_large_image\" \/>\n<meta name=\"twitter:label1\" content=\"Gesch\u00e4tzte Lesezeit\" \/>\n\t<meta name=\"twitter:data1\" content=\"4\u00a0Minuten\" \/>\n<script type=\"application\/ld+json\" class=\"yoast-schema-graph\">{\"@context\":\"https:\\\/\\\/schema.org\",\"@graph\":[{\"@type\":\"WebPage\",\"@id\":\"https:\\\/\\\/www.intermodaltelematics.com\\\/de\\\/datenschutzerklaerung\\\/\",\"url\":\"https:\\\/\\\/www.intermodaltelematics.com\\\/de\\\/datenschutzerklaerung\\\/\",\"name\":\"Datenschutzerkl\u00e4rung - IMT\",\"isPartOf\":{\"@id\":\"https:\\\/\\\/www.intermodaltelematics.com\\\/#website\"},\"datePublished\":\"2019-09-25T09:12:02+00:00\",\"dateModified\":\"2019-11-01T13:59:57+00:00\",\"breadcrumb\":{\"@id\":\"https:\\\/\\\/www.intermodaltelematics.com\\\/de\\\/datenschutzerklaerung\\\/#breadcrumb\"},\"inLanguage\":\"de\",\"potentialAction\":[{\"@type\":\"ReadAction\",\"target\":[\"https:\\\/\\\/www.intermodaltelematics.com\\\/de\\\/datenschutzerklaerung\\\/\"]}]},{\"@type\":\"BreadcrumbList\",\"@id\":\"https:\\\/\\\/www.intermodaltelematics.com\\\/de\\\/datenschutzerklaerung\\\/#breadcrumb\",\"itemListElement\":[{\"@type\":\"ListItem\",\"position\":1,\"name\":\"Home\",\"item\":\"https:\\\/\\\/www.intermodaltelematics.com\\\/de\\\/home\\\/\"},{\"@type\":\"ListItem\",\"position\":2,\"name\":\"Datenschutzerkl\u00e4rung\"}]},{\"@type\":\"WebSite\",\"@id\":\"https:\\\/\\\/www.intermodaltelematics.com\\\/#website\",\"url\":\"https:\\\/\\\/www.intermodaltelematics.com\\\/\",\"name\":\"IMT\",\"description\":\"Telematics taking over\",\"potentialAction\":[{\"@type\":\"SearchAction\",\"target\":{\"@type\":\"EntryPoint\",\"urlTemplate\":\"https:\\\/\\\/www.intermodaltelematics.com\\\/?s={search_term_string}\"},\"query-input\":{\"@type\":\"PropertyValueSpecification\",\"valueRequired\":true,\"valueName\":\"search_term_string\"}}],\"inLanguage\":\"de\"}]}<\/script>\n<!-- \/ Yoast SEO plugin. -->","yoast_head_json":{"title":"Datenschutzerkl\u00e4rung - IMT","robots":{"index":"index","follow":"follow","max-snippet":"max-snippet:-1","max-image-preview":"max-image-preview:large","max-video-preview":"max-video-preview:-1"},"canonical":"https:\/\/www.intermodaltelematics.com\/de\/datenschutzerklaerung\/","og_locale":"de_DE","og_type":"article","og_title":"Datenschutzerkl\u00e4rung - IMT","og_url":"https:\/\/www.intermodaltelematics.com\/de\/datenschutzerklaerung\/","og_site_name":"IMT","article_modified_time":"2019-11-01T13:59:57+00:00","twitter_card":"summary_large_image","twitter_misc":{"Gesch\u00e4tzte Lesezeit":"4\u00a0Minuten"},"schema":{"@context":"https:\/\/schema.org","@graph":[{"@type":"WebPage","@id":"https:\/\/www.intermodaltelematics.com\/de\/datenschutzerklaerung\/","url":"https:\/\/www.intermodaltelematics.com\/de\/datenschutzerklaerung\/","name":"Datenschutzerkl\u00e4rung - IMT","isPartOf":{"@id":"https:\/\/www.intermodaltelematics.com\/#website"},"datePublished":"2019-09-25T09:12:02+00:00","dateModified":"2019-11-01T13:59:57+00:00","breadcrumb":{"@id":"https:\/\/www.intermodaltelematics.com\/de\/datenschutzerklaerung\/#breadcrumb"},"inLanguage":"de","potentialAction":[{"@type":"ReadAction","target":["https:\/\/www.intermodaltelematics.com\/de\/datenschutzerklaerung\/"]}]},{"@type":"BreadcrumbList","@id":"https:\/\/www.intermodaltelematics.com\/de\/datenschutzerklaerung\/#breadcrumb","itemListElement":[{"@type":"ListItem","position":1,"name":"Home","item":"https:\/\/www.intermodaltelematics.com\/de\/home\/"},{"@type":"ListItem","position":2,"name":"Datenschutzerkl\u00e4rung"}]},{"@type":"WebSite","@id":"https:\/\/www.intermodaltelematics.com\/#website","url":"https:\/\/www.intermodaltelematics.com\/","name":"IMT","description":"Telematics taking over","potentialAction":[{"@type":"SearchAction","target":{"@type":"EntryPoint","urlTemplate":"https:\/\/www.intermodaltelematics.com\/?s={search_term_string}"},"query-input":{"@type":"PropertyValueSpecification","valueRequired":true,"valueName":"search_term_string"}}],"inLanguage":"de"}]}},"_links":{"self":[{"href":"https:\/\/www.intermodaltelematics.com\/de\/wp-json\/wp\/v2\/pages\/1383","targetHints":{"allow":["GET"]}}],"collection":[{"href":"https:\/\/www.intermodaltelematics.com\/de\/wp-json\/wp\/v2\/pages"}],"about":[{"href":"https:\/\/www.intermodaltelematics.com\/de\/wp-json\/wp\/v2\/types\/page"}],"author":[{"embeddable":true,"href":"https:\/\/www.intermodaltelematics.com\/de\/wp-json\/wp\/v2\/users\/1"}],"replies":[{"embeddable":true,"href":"https:\/\/www.intermodaltelematics.com\/de\/wp-json\/wp\/v2\/comments?post=1383"}],"version-history":[{"count":3,"href":"https:\/\/www.intermodaltelematics.com\/de\/wp-json\/wp\/v2\/pages\/1383\/revisions"}],"predecessor-version":[{"id":1451,"href":"https:\/\/www.intermodaltelematics.com\/de\/wp-json\/wp\/v2\/pages\/1383\/revisions\/1451"}],"wp:attachment":[{"href":"https:\/\/www.intermodaltelematics.com\/de\/wp-json\/wp\/v2\/media?parent=1383"}],"curies":[{"name":"wp","href":"https:\/\/api.w.org\/{rel}","templated":true}]}}