{"id":1375,"date":"2019-09-25T09:09:53","date_gmt":"2019-09-25T09:09:53","guid":{"rendered":"https:\/\/www.intermodaltelematics.com\/disclaimer\/"},"modified":"2019-11-01T10:39:56","modified_gmt":"2019-11-01T10:39:56","slug":"disclaimer","status":"publish","type":"page","link":"https:\/\/www.intermodaltelematics.com\/de\/disclaimer\/","title":{"rendered":"Disclaimer"},"content":{"rendered":"<div id='av_section_1'  class='avia-section main_color avia-section-default avia-no-border-styling avia-bg-style-scroll  avia-builder-el-0  avia-builder-el-no-sibling   container_wrap fullsize' style=' '  ><div class='container' ><main  role=\"main\" itemprop=\"mainContentOfPage\"  class='template-page content  av-content-full alpha units'><div class='post-entry post-entry-type-page post-entry-1375'><div class='entry-content-wrapper clearfix'>\n<section class=\"av_textblock_section \"  itemscope=\"itemscope\" itemtype=\"https:\/\/schema.org\/CreativeWork\" ><div class='avia_textblock  '   itemprop=\"text\" ><h1>Disclaimer<\/h1>\n<p><strong>Disclaimer f\u00fcr www.intermodaltelematics.com<\/strong><\/p>\n<p>Auf dieser Seite finden Sie den Disclaimer von www.intermodaltelematics.com, der von Intermodal Telematics BV zur Verf\u00fcgung gestellt wurde. In diesem Disclaimer geben wir an, unter welchem Vorbehalt wir die Informationen auf unserer Website zu Ihrer Verf\u00fcgung stellen.<\/p>\n<p><strong>Geistiges Eigentum<\/strong><br \/>\nDie Nutzung der Informationen auf dieser Website ist kostenlos, solange Sie diese Informationen nicht kopieren, verteilen oder auf andere Weise verwenden oder missbrauchen. Sie d\u00fcrfen die Informationen auf dieser Website nur in \u00dcbereinstimmung mit dem zwingenden Recht wiederverwenden. Die Wiederverwendung von Text, Fotomaterial oder sonstigem Material auf dieser Website ist ohne die ausdr\u00fcckliche schriftliche Genehmigung der Intermodal Telematics BV nicht erlaubt. Die geistigen Eigentumsrechte liegen bei Intermodal Telematics BV.<\/p>\n<p><strong>Keine Gew\u00e4hr f\u00fcr die Richtigkeit<\/strong><\/p>\n<p><strong>Sofern zutreffend:<\/strong><br \/>\nHinsichtlich der auf unserer Website genannten Preise bem\u00fchen wir uns um m\u00f6glichst genaue Darstellung der Realit\u00e4t und der vorgesehenen Preise. Fehler, die auftreten und als Programmier- oder Schreibfehler erkennbar sind, stellen in keinem Fall einen Grund dar, einen Vertrag oder eine Vereinbarung mit Intermodal Telematics BV geltend zu machen oder anzunehmen. Intermodal Telematics BV bem\u00fcht sich um eine m\u00f6glichst aktuelle Website. Falls die Informationen oder der Inhalt auf dieser Website trotz dieser Bem\u00fchungen unvollst\u00e4ndig und\/oder falsch sind, k\u00f6nnen wir daf\u00fcr keine Haftung \u00fcbernehmen. Die Informationen und\/oder Produkte auf dieser Website werden ohne jede Gew\u00e4hr und\/oder jeden Anspruch auf Richtigkeit vorgelegt. Wir behalten uns das Recht vor, dieses Material ohne vorherige Benachrichtigung zu ver\u00e4ndern, zu entfernen oder neu zu installieren. Intermodal Telematics BV \u00fcbernimmt keine Haftung f\u00fcr Informationen auf Websites, auf die wir mittels Hyperlinks verweisen.<\/p>\n<p><strong>Erg\u00e4nzungen<\/strong><br \/>\nSollte sich dieser Disclaimer \u00e4ndern, finden Sie die neueste Version des Disclaimers gem\u00e4\u00df www.intermodaltelematics.com auf dieser Seite.<\/p>\n<\/div><\/section>\n\n","protected":false},"excerpt":{"rendered":"","protected":false},"author":1,"featured_media":0,"parent":0,"menu_order":0,"comment_status":"closed","ping_status":"closed","template":"","meta":{"inline_featured_image":false,"footnotes":""},"class_list":["post-1375","page","type-page","status-publish","hentry"],"yoast_head":"<!-- This site is optimized with the Yoast SEO plugin v27.5 - https:\/\/yoast.com\/product\/yoast-seo-wordpress\/ -->\n<title>Disclaimer - IMT<\/title>\n<meta name=\"robots\" content=\"index, follow, max-snippet:-1, max-image-preview:large, max-video-preview:-1\" \/>\n<link rel=\"canonical\" href=\"https:\/\/www.intermodaltelematics.com\/de\/disclaimer\/\" \/>\n<meta property=\"og:locale\" content=\"de_DE\" \/>\n<meta property=\"og:type\" content=\"article\" \/>\n<meta property=\"og:title\" content=\"Disclaimer - IMT\" \/>\n<meta property=\"og:url\" content=\"https:\/\/www.intermodaltelematics.com\/de\/disclaimer\/\" \/>\n<meta property=\"og:site_name\" content=\"IMT\" \/>\n<meta property=\"article:modified_time\" content=\"2019-11-01T10:39:56+00:00\" \/>\n<meta name=\"twitter:card\" content=\"summary_large_image\" \/>\n<meta name=\"twitter:label1\" content=\"Gesch\u00e4tzte Lesezeit\" \/>\n\t<meta name=\"twitter:data1\" content=\"2\u00a0Minuten\" \/>\n<script type=\"application\/ld+json\" class=\"yoast-schema-graph\">{\"@context\":\"https:\\\/\\\/schema.org\",\"@graph\":[{\"@type\":\"WebPage\",\"@id\":\"https:\\\/\\\/www.intermodaltelematics.com\\\/de\\\/disclaimer\\\/\",\"url\":\"https:\\\/\\\/www.intermodaltelematics.com\\\/de\\\/disclaimer\\\/\",\"name\":\"Disclaimer - IMT\",\"isPartOf\":{\"@id\":\"https:\\\/\\\/www.intermodaltelematics.com\\\/#website\"},\"datePublished\":\"2019-09-25T09:09:53+00:00\",\"dateModified\":\"2019-11-01T10:39:56+00:00\",\"breadcrumb\":{\"@id\":\"https:\\\/\\\/www.intermodaltelematics.com\\\/de\\\/disclaimer\\\/#breadcrumb\"},\"inLanguage\":\"de\",\"potentialAction\":[{\"@type\":\"ReadAction\",\"target\":[\"https:\\\/\\\/www.intermodaltelematics.com\\\/de\\\/disclaimer\\\/\"]}]},{\"@type\":\"BreadcrumbList\",\"@id\":\"https:\\\/\\\/www.intermodaltelematics.com\\\/de\\\/disclaimer\\\/#breadcrumb\",\"itemListElement\":[{\"@type\":\"ListItem\",\"position\":1,\"name\":\"Home\",\"item\":\"https:\\\/\\\/www.intermodaltelematics.com\\\/de\\\/home\\\/\"},{\"@type\":\"ListItem\",\"position\":2,\"name\":\"Disclaimer\"}]},{\"@type\":\"WebSite\",\"@id\":\"https:\\\/\\\/www.intermodaltelematics.com\\\/#website\",\"url\":\"https:\\\/\\\/www.intermodaltelematics.com\\\/\",\"name\":\"IMT\",\"description\":\"Telematics taking over\",\"potentialAction\":[{\"@type\":\"SearchAction\",\"target\":{\"@type\":\"EntryPoint\",\"urlTemplate\":\"https:\\\/\\\/www.intermodaltelematics.com\\\/?s={search_term_string}\"},\"query-input\":{\"@type\":\"PropertyValueSpecification\",\"valueRequired\":true,\"valueName\":\"search_term_string\"}}],\"inLanguage\":\"de\"}]}<\/script>\n<!-- \/ Yoast SEO plugin. -->","yoast_head_json":{"title":"Disclaimer - IMT","robots":{"index":"index","follow":"follow","max-snippet":"max-snippet:-1","max-image-preview":"max-image-preview:large","max-video-preview":"max-video-preview:-1"},"canonical":"https:\/\/www.intermodaltelematics.com\/de\/disclaimer\/","og_locale":"de_DE","og_type":"article","og_title":"Disclaimer - IMT","og_url":"https:\/\/www.intermodaltelematics.com\/de\/disclaimer\/","og_site_name":"IMT","article_modified_time":"2019-11-01T10:39:56+00:00","twitter_card":"summary_large_image","twitter_misc":{"Gesch\u00e4tzte Lesezeit":"2\u00a0Minuten"},"schema":{"@context":"https:\/\/schema.org","@graph":[{"@type":"WebPage","@id":"https:\/\/www.intermodaltelematics.com\/de\/disclaimer\/","url":"https:\/\/www.intermodaltelematics.com\/de\/disclaimer\/","name":"Disclaimer - IMT","isPartOf":{"@id":"https:\/\/www.intermodaltelematics.com\/#website"},"datePublished":"2019-09-25T09:09:53+00:00","dateModified":"2019-11-01T10:39:56+00:00","breadcrumb":{"@id":"https:\/\/www.intermodaltelematics.com\/de\/disclaimer\/#breadcrumb"},"inLanguage":"de","potentialAction":[{"@type":"ReadAction","target":["https:\/\/www.intermodaltelematics.com\/de\/disclaimer\/"]}]},{"@type":"BreadcrumbList","@id":"https:\/\/www.intermodaltelematics.com\/de\/disclaimer\/#breadcrumb","itemListElement":[{"@type":"ListItem","position":1,"name":"Home","item":"https:\/\/www.intermodaltelematics.com\/de\/home\/"},{"@type":"ListItem","position":2,"name":"Disclaimer"}]},{"@type":"WebSite","@id":"https:\/\/www.intermodaltelematics.com\/#website","url":"https:\/\/www.intermodaltelematics.com\/","name":"IMT","description":"Telematics taking over","potentialAction":[{"@type":"SearchAction","target":{"@type":"EntryPoint","urlTemplate":"https:\/\/www.intermodaltelematics.com\/?s={search_term_string}"},"query-input":{"@type":"PropertyValueSpecification","valueRequired":true,"valueName":"search_term_string"}}],"inLanguage":"de"}]}},"_links":{"self":[{"href":"https:\/\/www.intermodaltelematics.com\/de\/wp-json\/wp\/v2\/pages\/1375","targetHints":{"allow":["GET"]}}],"collection":[{"href":"https:\/\/www.intermodaltelematics.com\/de\/wp-json\/wp\/v2\/pages"}],"about":[{"href":"https:\/\/www.intermodaltelematics.com\/de\/wp-json\/wp\/v2\/types\/page"}],"author":[{"embeddable":true,"href":"https:\/\/www.intermodaltelematics.com\/de\/wp-json\/wp\/v2\/users\/1"}],"replies":[{"embeddable":true,"href":"https:\/\/www.intermodaltelematics.com\/de\/wp-json\/wp\/v2\/comments?post=1375"}],"version-history":[{"count":2,"href":"https:\/\/www.intermodaltelematics.com\/de\/wp-json\/wp\/v2\/pages\/1375\/revisions"}],"predecessor-version":[{"id":1446,"href":"https:\/\/www.intermodaltelematics.com\/de\/wp-json\/wp\/v2\/pages\/1375\/revisions\/1446"}],"wp:attachment":[{"href":"https:\/\/www.intermodaltelematics.com\/de\/wp-json\/wp\/v2\/media?parent=1375"}],"curies":[{"name":"wp","href":"https:\/\/api.w.org\/{rel}","templated":true}]}}