{"id":1348,"date":"2019-09-25T10:27:24","date_gmt":"2019-09-25T10:27:24","guid":{"rendered":"https:\/\/www.intermodaltelematics.com\/rw-popup-3\/"},"modified":"2023-05-08T09:56:59","modified_gmt":"2023-05-08T09:56:59","slug":"rw-popup-3","status":"publish","type":"page","link":"https:\/\/www.intermodaltelematics.com\/de\/rw-popup-3\/","title":{"rendered":"rw-popup-3"},"content":{"rendered":"<div id='sensors'  class='avia-section main_color avia-section-default avia-no-border-styling avia-full-stretch avia-bg-style-scroll  avia-builder-el-0  el_before_av_section  avia-builder-el-first   av-minimum-height av-minimum-height-100  container_wrap fullsize' style='background-repeat: no-repeat; background-image: url(https:\/\/www.intermodaltelematics.com\/wp-content\/uploads\/RL22-Ex_Rochster_level_sensor_IMT_telematics_overview.png);background-attachment: scroll; background-position: center center;  '  data-section-bg-repeat='stretch' data-av_minimum_height_pc='100'><div class='container' ><main  role=\"main\" itemprop=\"mainContentOfPage\"  class='template-page content  av-content-full alpha units'><div class='post-entry post-entry-type-page post-entry-1348'><div class='entry-content-wrapper clearfix'>\n<div class=\"flex_column av_one_fourth  flex_column_div av-zero-column-padding first  avia-builder-el-1  avia-builder-el-no-sibling  \" style='border-radius:0px; ' id=\"rechts\" ><p><section class=\"av_textblock_section \"  itemscope=\"itemscope\" itemtype=\"https:\/\/schema.org\/CreativeWork\" ><div class='avia_textblock  '   itemprop=\"text\" ><p><strong>Rochester F\u00fcllstandssensor<\/strong><br \/>\n(RL22-Ex)<\/p>\n<p>Der RL22-Ex ist ein Sensor, der zusammen mit einem kompatiblen Rochester-F\u00fcllstandmessger\u00e4t eines Drittanbieters verwendet wird, um eine digitale F\u00fcllstandserfassungsl\u00f6sung f\u00fcr Tankcontainer und Kesselwagen zu schaffen.<\/p>\n<p>Der Zweck des RL22-Ex ist die Anzeige und \u00dcberwachung des Fl\u00fcssigkeitsstandes in einem Tankcontainer oder Kesselwagen.<\/p>\n<ul>\n<li>Bereich der F\u00fcllst\u00e4nde: 5% bis 95%<\/li>\n<li>Kann drahtlos mit neuer Firmware aktualisiert werden (OTA)<\/li>\n<li>ATEX IIC-zertifiziert<\/li>\n<li>Garantierte Batterielebensdauer von 10 Jahren<\/li>\n<\/ul>\n<\/div><\/section><br \/>\n<section class=\"av_textblock_section \"  itemscope=\"itemscope\" itemtype=\"https:\/\/schema.org\/CreativeWork\" ><div class='avia_textblock icons '   itemprop=\"text\" ><p><img decoding=\"async\" class=\"size-full wp-image-719 alignleft\" src=\"https:\/\/www.intermodaltelematics.com\/wp-content\/uploads\/iso-27001-logo.svg\" alt=\"\" \/><img decoding=\"async\" class=\"size-full wp-image-715 alignleft\" src=\"https:\/\/www.intermodaltelematics.com\/wp-content\/uploads\/certificate.svg\" alt=\"\" \/><img decoding=\"async\" class=\"size-full wp-image-721 alignleft\" src=\"https:\/\/www.intermodaltelematics.com\/wp-content\/uploads\/itss.svg\" alt=\"\" \/><img decoding=\"async\" class=\"size-full wp-image-717 alignleft\" src=\"https:\/\/www.intermodaltelematics.com\/wp-content\/uploads\/Ex.svg\" alt=\"\" \/><\/p>\n<\/div><\/section><\/p><\/div><\/div><\/div><\/main><!-- close content main element --><\/div><\/div><div id='info-mobile-sensors'  class='avia-section main_color avia-section-default avia-no-border-styling avia-bg-style-scroll  avia-builder-el-4  el_after_av_section  avia-builder-el-last   container_wrap fullsize' style=' '  ><div class='container' ><div class='template-page content  av-content-full alpha units'><div class='post-entry post-entry-type-page post-entry-1348'><div class='entry-content-wrapper clearfix'>\n<div class=\"flex_column av_one_full  flex_column_div av-zero-column-padding first  avia-builder-el-5  avia-builder-el-no-sibling  \" style='border-radius:0px; ' id=\"rechts\" ><p><section class=\"av_textblock_section \"  itemscope=\"itemscope\" itemtype=\"https:\/\/schema.org\/CreativeWork\" ><div class='avia_textblock  '   itemprop=\"text\" ><p><strong>Rochester F\u00fcllstandssensor<\/strong><br \/>\n(RL22-Ex)<\/p>\n<p>Der RL22-Ex ist ein Sensor, der zusammen mit einem kompatiblen Rochester-F\u00fcllstandmessger\u00e4t eines Drittanbieters verwendet wird, um eine digitale F\u00fcllstandserfassungsl\u00f6sung f\u00fcr Tankcontainer und Kesselwagen zu schaffen.<\/p>\n<p>Der Zweck des RL22-Ex ist die Anzeige und \u00dcberwachung des Fl\u00fcssigkeitsstandes in einem Tankcontainer oder Kesselwagen.<\/p>\n<ul>\n<li>Bereich der F\u00fcllst\u00e4nde: 5% bis 95%<\/li>\n<li>Kann drahtlos mit neuer Firmware aktualisiert werden (OTA)<\/li>\n<li>ATEX IIC-zertifiziert<\/li>\n<li>Garantierte Batterielebensdauer von 10 Jahren<\/li>\n<\/ul>\n<\/div><\/section><br \/>\n<section class=\"av_textblock_section \"  itemscope=\"itemscope\" itemtype=\"https:\/\/schema.org\/CreativeWork\" ><div class='avia_textblock icons '   itemprop=\"text\" ><p><img decoding=\"async\" class=\"size-full wp-image-719 alignleft\" src=\"https:\/\/www.intermodaltelematics.com\/wp-content\/uploads\/iso-27001-logo.svg\" alt=\"\" \/><img decoding=\"async\" class=\"size-full wp-image-715 alignleft\" src=\"https:\/\/www.intermodaltelematics.com\/wp-content\/uploads\/certificate.svg\" alt=\"\" \/><img decoding=\"async\" class=\"size-full wp-image-721 alignleft\" src=\"https:\/\/www.intermodaltelematics.com\/wp-content\/uploads\/itss.svg\" alt=\"\" \/><img decoding=\"async\" class=\"size-full wp-image-717 alignleft\" src=\"https:\/\/www.intermodaltelematics.com\/wp-content\/uploads\/Ex.svg\" alt=\"\" \/><\/p>\n<\/div><\/section><\/p><\/div><\/p>\n","protected":false},"excerpt":{"rendered":"","protected":false},"author":1,"featured_media":0,"parent":0,"menu_order":0,"comment_status":"closed","ping_status":"closed","template":"","meta":{"inline_featured_image":false,"footnotes":""},"class_list":["post-1348","page","type-page","status-publish","hentry"],"yoast_head":"<!-- This site is optimized with the Yoast SEO plugin v27.3 - https:\/\/yoast.com\/product\/yoast-seo-wordpress\/ -->\n<title>rw-popup-3 - IMT<\/title>\n<meta name=\"robots\" content=\"index, follow, max-snippet:-1, max-image-preview:large, max-video-preview:-1\" \/>\n<link rel=\"canonical\" href=\"https:\/\/www.intermodaltelematics.com\/de\/rw-popup-3\/\" \/>\n<meta property=\"og:locale\" content=\"de_DE\" \/>\n<meta property=\"og:type\" content=\"article\" \/>\n<meta property=\"og:title\" content=\"rw-popup-3 - IMT\" \/>\n<meta property=\"og:url\" content=\"https:\/\/www.intermodaltelematics.com\/de\/rw-popup-3\/\" \/>\n<meta property=\"og:site_name\" content=\"IMT\" \/>\n<meta property=\"article:modified_time\" content=\"2023-05-08T09:56:59+00:00\" \/>\n<meta property=\"og:image\" content=\"https:\/\/www.intermodaltelematics.com\/wp-content\/uploads\/iso-27001-logo.svg\" \/>\n<meta name=\"twitter:card\" content=\"summary_large_image\" \/>\n<meta name=\"twitter:label1\" content=\"Gesch\u00e4tzte Lesezeit\" \/>\n\t<meta name=\"twitter:data1\" content=\"4\u00a0Minuten\" \/>\n<script type=\"application\/ld+json\" class=\"yoast-schema-graph\">{\"@context\":\"https:\\\/\\\/schema.org\",\"@graph\":[{\"@type\":\"WebPage\",\"@id\":\"https:\\\/\\\/www.intermodaltelematics.com\\\/de\\\/rw-popup-3\\\/\",\"url\":\"https:\\\/\\\/www.intermodaltelematics.com\\\/de\\\/rw-popup-3\\\/\",\"name\":\"rw-popup-3 - IMT\",\"isPartOf\":{\"@id\":\"https:\\\/\\\/www.intermodaltelematics.com\\\/#website\"},\"primaryImageOfPage\":{\"@id\":\"https:\\\/\\\/www.intermodaltelematics.com\\\/de\\\/rw-popup-3\\\/#primaryimage\"},\"image\":{\"@id\":\"https:\\\/\\\/www.intermodaltelematics.com\\\/de\\\/rw-popup-3\\\/#primaryimage\"},\"thumbnailUrl\":\"https:\\\/\\\/www.intermodaltelematics.com\\\/wp-content\\\/uploads\\\/iso-27001-logo.svg\",\"datePublished\":\"2019-09-25T10:27:24+00:00\",\"dateModified\":\"2023-05-08T09:56:59+00:00\",\"breadcrumb\":{\"@id\":\"https:\\\/\\\/www.intermodaltelematics.com\\\/de\\\/rw-popup-3\\\/#breadcrumb\"},\"inLanguage\":\"de\",\"potentialAction\":[{\"@type\":\"ReadAction\",\"target\":[\"https:\\\/\\\/www.intermodaltelematics.com\\\/de\\\/rw-popup-3\\\/\"]}]},{\"@type\":\"ImageObject\",\"inLanguage\":\"de\",\"@id\":\"https:\\\/\\\/www.intermodaltelematics.com\\\/de\\\/rw-popup-3\\\/#primaryimage\",\"url\":\"https:\\\/\\\/www.intermodaltelematics.com\\\/wp-content\\\/uploads\\\/iso-27001-logo.svg\",\"contentUrl\":\"https:\\\/\\\/www.intermodaltelematics.com\\\/wp-content\\\/uploads\\\/iso-27001-logo.svg\"},{\"@type\":\"BreadcrumbList\",\"@id\":\"https:\\\/\\\/www.intermodaltelematics.com\\\/de\\\/rw-popup-3\\\/#breadcrumb\",\"itemListElement\":[{\"@type\":\"ListItem\",\"position\":1,\"name\":\"Home\",\"item\":\"https:\\\/\\\/www.intermodaltelematics.com\\\/de\\\/home\\\/\"},{\"@type\":\"ListItem\",\"position\":2,\"name\":\"rw-popup-3\"}]},{\"@type\":\"WebSite\",\"@id\":\"https:\\\/\\\/www.intermodaltelematics.com\\\/#website\",\"url\":\"https:\\\/\\\/www.intermodaltelematics.com\\\/\",\"name\":\"IMT\",\"description\":\"Telematics taking over\",\"potentialAction\":[{\"@type\":\"SearchAction\",\"target\":{\"@type\":\"EntryPoint\",\"urlTemplate\":\"https:\\\/\\\/www.intermodaltelematics.com\\\/?s={search_term_string}\"},\"query-input\":{\"@type\":\"PropertyValueSpecification\",\"valueRequired\":true,\"valueName\":\"search_term_string\"}}],\"inLanguage\":\"de\"}]}<\/script>\n<!-- \/ Yoast SEO plugin. -->","yoast_head_json":{"title":"rw-popup-3 - IMT","robots":{"index":"index","follow":"follow","max-snippet":"max-snippet:-1","max-image-preview":"max-image-preview:large","max-video-preview":"max-video-preview:-1"},"canonical":"https:\/\/www.intermodaltelematics.com\/de\/rw-popup-3\/","og_locale":"de_DE","og_type":"article","og_title":"rw-popup-3 - IMT","og_url":"https:\/\/www.intermodaltelematics.com\/de\/rw-popup-3\/","og_site_name":"IMT","article_modified_time":"2023-05-08T09:56:59+00:00","og_image":[{"url":"https:\/\/www.intermodaltelematics.com\/wp-content\/uploads\/iso-27001-logo.svg","type":"","width":"","height":""}],"twitter_card":"summary_large_image","twitter_misc":{"Gesch\u00e4tzte Lesezeit":"4\u00a0Minuten"},"schema":{"@context":"https:\/\/schema.org","@graph":[{"@type":"WebPage","@id":"https:\/\/www.intermodaltelematics.com\/de\/rw-popup-3\/","url":"https:\/\/www.intermodaltelematics.com\/de\/rw-popup-3\/","name":"rw-popup-3 - IMT","isPartOf":{"@id":"https:\/\/www.intermodaltelematics.com\/#website"},"primaryImageOfPage":{"@id":"https:\/\/www.intermodaltelematics.com\/de\/rw-popup-3\/#primaryimage"},"image":{"@id":"https:\/\/www.intermodaltelematics.com\/de\/rw-popup-3\/#primaryimage"},"thumbnailUrl":"https:\/\/www.intermodaltelematics.com\/wp-content\/uploads\/iso-27001-logo.svg","datePublished":"2019-09-25T10:27:24+00:00","dateModified":"2023-05-08T09:56:59+00:00","breadcrumb":{"@id":"https:\/\/www.intermodaltelematics.com\/de\/rw-popup-3\/#breadcrumb"},"inLanguage":"de","potentialAction":[{"@type":"ReadAction","target":["https:\/\/www.intermodaltelematics.com\/de\/rw-popup-3\/"]}]},{"@type":"ImageObject","inLanguage":"de","@id":"https:\/\/www.intermodaltelematics.com\/de\/rw-popup-3\/#primaryimage","url":"https:\/\/www.intermodaltelematics.com\/wp-content\/uploads\/iso-27001-logo.svg","contentUrl":"https:\/\/www.intermodaltelematics.com\/wp-content\/uploads\/iso-27001-logo.svg"},{"@type":"BreadcrumbList","@id":"https:\/\/www.intermodaltelematics.com\/de\/rw-popup-3\/#breadcrumb","itemListElement":[{"@type":"ListItem","position":1,"name":"Home","item":"https:\/\/www.intermodaltelematics.com\/de\/home\/"},{"@type":"ListItem","position":2,"name":"rw-popup-3"}]},{"@type":"WebSite","@id":"https:\/\/www.intermodaltelematics.com\/#website","url":"https:\/\/www.intermodaltelematics.com\/","name":"IMT","description":"Telematics taking over","potentialAction":[{"@type":"SearchAction","target":{"@type":"EntryPoint","urlTemplate":"https:\/\/www.intermodaltelematics.com\/?s={search_term_string}"},"query-input":{"@type":"PropertyValueSpecification","valueRequired":true,"valueName":"search_term_string"}}],"inLanguage":"de"}]}},"_links":{"self":[{"href":"https:\/\/www.intermodaltelematics.com\/de\/wp-json\/wp\/v2\/pages\/1348","targetHints":{"allow":["GET"]}}],"collection":[{"href":"https:\/\/www.intermodaltelematics.com\/de\/wp-json\/wp\/v2\/pages"}],"about":[{"href":"https:\/\/www.intermodaltelematics.com\/de\/wp-json\/wp\/v2\/types\/page"}],"author":[{"embeddable":true,"href":"https:\/\/www.intermodaltelematics.com\/de\/wp-json\/wp\/v2\/users\/1"}],"replies":[{"embeddable":true,"href":"https:\/\/www.intermodaltelematics.com\/de\/wp-json\/wp\/v2\/comments?post=1348"}],"version-history":[{"count":3,"href":"https:\/\/www.intermodaltelematics.com\/de\/wp-json\/wp\/v2\/pages\/1348\/revisions"}],"predecessor-version":[{"id":4806,"href":"https:\/\/www.intermodaltelematics.com\/de\/wp-json\/wp\/v2\/pages\/1348\/revisions\/4806"}],"wp:attachment":[{"href":"https:\/\/www.intermodaltelematics.com\/de\/wp-json\/wp\/v2\/media?parent=1348"}],"curies":[{"name":"wp","href":"https:\/\/api.w.org\/{rel}","templated":true}]}}