{"id":1188,"date":"2019-09-25T11:19:31","date_gmt":"2019-09-25T11:19:31","guid":{"rendered":"https:\/\/www.intermodaltelematics.com\/tw-popup-6\/"},"modified":"2019-11-01T10:16:26","modified_gmt":"2019-11-01T10:16:26","slug":"tw-popup-6","status":"publish","type":"page","link":"https:\/\/www.intermodaltelematics.com\/de\/tw-popup-6\/","title":{"rendered":"tw-popup-6"},"content":{"rendered":"<div id='sensors'  class='avia-section main_color avia-section-default avia-no-border-styling avia-full-stretch avia-bg-style-scroll  avia-builder-el-0  el_before_av_section  avia-builder-el-first   av-minimum-height av-minimum-height-100  container_wrap fullsize' style='background-repeat: no-repeat; background-image: url(https:\/\/www.intermodaltelematics.com\/wp-content\/uploads\/Tank-container-close-up-HCT18-Ex.png);background-attachment: scroll; background-position: center center;  '  data-section-bg-repeat='stretch' data-av_minimum_height_pc='100'><div class='container' ><main  role=\"main\" itemprop=\"mainContentOfPage\"  class='template-page content  av-content-full alpha units'><div class='post-entry post-entry-type-page post-entry-1188'><div class='entry-content-wrapper clearfix'>\n<div class=\"flex_column av_one_fourth  flex_column_div av-zero-column-padding first  avia-builder-el-1  avia-builder-el-no-sibling  \" style='border-radius:0px; ' id=\"rechts\" ><p><section class=\"av_textblock_section \"  itemscope=\"itemscope\" itemtype=\"https:\/\/schema.org\/CreativeWork\" ><div class='avia_textblock  '   itemprop=\"text\" ><p><strong>Heiz- &amp;und K\u00fchlterminal<\/strong><br \/>\n<strong>(HTC18)<\/strong><br \/>\nEin multifunktionaler Kommunikations- und Standortterminal, der die Verortung des Tankcontainers \u00fcberwacht, verschiedene Heiz- und K\u00fchlger\u00e4te steuert und physische Bewegungen und Sto\u00dfkr\u00e4fte erkennt.<\/p>\n<ul>\n<li>Funktioniert auch als zentraler Knotenpunkt f\u00fcr alle am Tankcontainer installierten drahtlosen IMT-Sensoren<\/li>\n<li>Soll an Tankcontainern eingesetzt werden, die mit &#8222;Telematics ready&#8220;-Heizung oder -K\u00fchlung ausger\u00fcstet sind<\/li>\n<li>Eingebaut im Schrank des Heiz- oder K\u00fchlger\u00e4ts, woraus er seinen Strom bezieht, und mit einer kleinen Batterie f\u00fcr die Zeit ausgestattet, in der Heiz- oder K\u00fchlger\u00e4te nicht eingeschaltet sind.<\/li>\n<\/ul>\n<\/div><\/section><br \/>\n<section class=\"av_textblock_section \"  itemscope=\"itemscope\" itemtype=\"https:\/\/schema.org\/CreativeWork\" ><div class='avia_textblock icons '   itemprop=\"text\" ><p><img decoding=\"async\" class=\"size-full wp-image-719 alignleft\" src=\"https:\/\/www.intermodaltelematics.com\/wp-content\/uploads\/iso-27001-logo.svg\" alt=\"\" \/><img decoding=\"async\" class=\"size-full wp-image-715 alignleft\" src=\"https:\/\/www.intermodaltelematics.com\/wp-content\/uploads\/certificate.svg\" alt=\"\" \/><img decoding=\"async\" class=\"size-full wp-image-721 alignleft\" src=\"https:\/\/www.intermodaltelematics.com\/wp-content\/uploads\/itss.svg\" alt=\"\" \/><\/p>\n<\/div><\/section><\/p><\/div><\/div><\/div><\/main><!-- close content main element --><\/div><\/div><div id='info-mobile-sensors'  class='avia-section main_color avia-section-default avia-no-border-styling avia-bg-style-scroll  avia-builder-el-4  el_after_av_section  avia-builder-el-last   container_wrap fullsize' style=' '  ><div class='container' ><div class='template-page content  av-content-full alpha units'><div class='post-entry post-entry-type-page post-entry-1188'><div class='entry-content-wrapper clearfix'>\n<div class=\"flex_column av_one_full  flex_column_div av-zero-column-padding first  avia-builder-el-5  avia-builder-el-no-sibling  \" style='border-radius:0px; ' id=\"rechts\" ><p><section class=\"av_textblock_section \"  itemscope=\"itemscope\" itemtype=\"https:\/\/schema.org\/CreativeWork\" ><div class='avia_textblock  '   itemprop=\"text\" ><p><strong>Heiz- &amp;und K\u00fchlterminal<\/strong><br \/>\n<strong>(HTC18)<\/strong><br \/>\nEin multifunktionaler Kommunikations- und Standortterminal, der die Verortung des Tankcontainers \u00fcberwacht, verschiedene Heiz- und K\u00fchlger\u00e4te steuert und physische Bewegungen und Sto\u00dfkr\u00e4fte erkennt.<\/p>\n<ul>\n<li>Funktioniert auch als zentraler Knotenpunkt f\u00fcr alle am Tankcontainer installierten drahtlosen IMT-Sensoren<\/li>\n<li>Soll an Tankcontainern eingesetzt werden, die mit &#8222;Telematics ready&#8220;-Heizung oder -K\u00fchlung ausger\u00fcstet sind<\/li>\n<li>Eingebaut im Schrank des Heiz- oder K\u00fchlger\u00e4ts, woraus er seinen Strom bezieht, und mit einer kleinen Batterie f\u00fcr die Zeit ausgestattet, in der Heiz- oder K\u00fchlger\u00e4te nicht eingeschaltet sind.<\/li>\n<\/ul>\n<\/div><\/section><br \/>\n<section class=\"av_textblock_section \"  itemscope=\"itemscope\" itemtype=\"https:\/\/schema.org\/CreativeWork\" ><div class='avia_textblock icons '   itemprop=\"text\" ><p><img decoding=\"async\" class=\"size-full wp-image-719 alignleft\" src=\"https:\/\/www.intermodaltelematics.com\/wp-content\/uploads\/iso-27001-logo.svg\" alt=\"\" \/><img decoding=\"async\" class=\"size-full wp-image-715 alignleft\" src=\"https:\/\/www.intermodaltelematics.com\/wp-content\/uploads\/certificate.svg\" alt=\"\" \/><img decoding=\"async\" class=\"size-full wp-image-721 alignleft\" src=\"https:\/\/www.intermodaltelematics.com\/wp-content\/uploads\/itss.svg\" alt=\"\" \/><\/p>\n<\/div><\/section><\/p><\/div><\/p>\n","protected":false},"excerpt":{"rendered":"","protected":false},"author":1,"featured_media":0,"parent":0,"menu_order":0,"comment_status":"closed","ping_status":"closed","template":"","meta":{"inline_featured_image":false,"footnotes":""},"class_list":["post-1188","page","type-page","status-publish","hentry"],"yoast_head":"<!-- This site is optimized with the Yoast SEO plugin v27.3 - https:\/\/yoast.com\/product\/yoast-seo-wordpress\/ -->\n<title>tw-popup-6 - IMT<\/title>\n<meta name=\"robots\" content=\"index, follow, max-snippet:-1, max-image-preview:large, max-video-preview:-1\" \/>\n<link rel=\"canonical\" href=\"https:\/\/www.intermodaltelematics.com\/de\/tw-popup-6\/\" \/>\n<meta property=\"og:locale\" content=\"de_DE\" \/>\n<meta property=\"og:type\" content=\"article\" \/>\n<meta property=\"og:title\" content=\"tw-popup-6 - IMT\" \/>\n<meta property=\"og:url\" content=\"https:\/\/www.intermodaltelematics.com\/de\/tw-popup-6\/\" \/>\n<meta property=\"og:site_name\" content=\"IMT\" \/>\n<meta property=\"article:modified_time\" content=\"2019-11-01T10:16:26+00:00\" \/>\n<meta property=\"og:image\" content=\"https:\/\/www.intermodaltelematics.com\/wp-content\/uploads\/iso-27001-logo.svg\" \/>\n<meta name=\"twitter:card\" content=\"summary_large_image\" \/>\n<meta name=\"twitter:label1\" content=\"Gesch\u00e4tzte Lesezeit\" \/>\n\t<meta name=\"twitter:data1\" content=\"4\u00a0Minuten\" \/>\n<script type=\"application\/ld+json\" class=\"yoast-schema-graph\">{\"@context\":\"https:\\\/\\\/schema.org\",\"@graph\":[{\"@type\":\"WebPage\",\"@id\":\"https:\\\/\\\/www.intermodaltelematics.com\\\/de\\\/tw-popup-6\\\/\",\"url\":\"https:\\\/\\\/www.intermodaltelematics.com\\\/de\\\/tw-popup-6\\\/\",\"name\":\"tw-popup-6 - IMT\",\"isPartOf\":{\"@id\":\"https:\\\/\\\/www.intermodaltelematics.com\\\/#website\"},\"primaryImageOfPage\":{\"@id\":\"https:\\\/\\\/www.intermodaltelematics.com\\\/de\\\/tw-popup-6\\\/#primaryimage\"},\"image\":{\"@id\":\"https:\\\/\\\/www.intermodaltelematics.com\\\/de\\\/tw-popup-6\\\/#primaryimage\"},\"thumbnailUrl\":\"https:\\\/\\\/www.intermodaltelematics.com\\\/wp-content\\\/uploads\\\/iso-27001-logo.svg\",\"datePublished\":\"2019-09-25T11:19:31+00:00\",\"dateModified\":\"2019-11-01T10:16:26+00:00\",\"breadcrumb\":{\"@id\":\"https:\\\/\\\/www.intermodaltelematics.com\\\/de\\\/tw-popup-6\\\/#breadcrumb\"},\"inLanguage\":\"de\",\"potentialAction\":[{\"@type\":\"ReadAction\",\"target\":[\"https:\\\/\\\/www.intermodaltelematics.com\\\/de\\\/tw-popup-6\\\/\"]}]},{\"@type\":\"ImageObject\",\"inLanguage\":\"de\",\"@id\":\"https:\\\/\\\/www.intermodaltelematics.com\\\/de\\\/tw-popup-6\\\/#primaryimage\",\"url\":\"https:\\\/\\\/www.intermodaltelematics.com\\\/wp-content\\\/uploads\\\/iso-27001-logo.svg\",\"contentUrl\":\"https:\\\/\\\/www.intermodaltelematics.com\\\/wp-content\\\/uploads\\\/iso-27001-logo.svg\"},{\"@type\":\"BreadcrumbList\",\"@id\":\"https:\\\/\\\/www.intermodaltelematics.com\\\/de\\\/tw-popup-6\\\/#breadcrumb\",\"itemListElement\":[{\"@type\":\"ListItem\",\"position\":1,\"name\":\"Home\",\"item\":\"https:\\\/\\\/www.intermodaltelematics.com\\\/de\\\/home\\\/\"},{\"@type\":\"ListItem\",\"position\":2,\"name\":\"tw-popup-6\"}]},{\"@type\":\"WebSite\",\"@id\":\"https:\\\/\\\/www.intermodaltelematics.com\\\/#website\",\"url\":\"https:\\\/\\\/www.intermodaltelematics.com\\\/\",\"name\":\"IMT\",\"description\":\"Telematics taking over\",\"potentialAction\":[{\"@type\":\"SearchAction\",\"target\":{\"@type\":\"EntryPoint\",\"urlTemplate\":\"https:\\\/\\\/www.intermodaltelematics.com\\\/?s={search_term_string}\"},\"query-input\":{\"@type\":\"PropertyValueSpecification\",\"valueRequired\":true,\"valueName\":\"search_term_string\"}}],\"inLanguage\":\"de\"}]}<\/script>\n<!-- \/ Yoast SEO plugin. -->","yoast_head_json":{"title":"tw-popup-6 - IMT","robots":{"index":"index","follow":"follow","max-snippet":"max-snippet:-1","max-image-preview":"max-image-preview:large","max-video-preview":"max-video-preview:-1"},"canonical":"https:\/\/www.intermodaltelematics.com\/de\/tw-popup-6\/","og_locale":"de_DE","og_type":"article","og_title":"tw-popup-6 - IMT","og_url":"https:\/\/www.intermodaltelematics.com\/de\/tw-popup-6\/","og_site_name":"IMT","article_modified_time":"2019-11-01T10:16:26+00:00","og_image":[{"url":"https:\/\/www.intermodaltelematics.com\/wp-content\/uploads\/iso-27001-logo.svg","type":"","width":"","height":""}],"twitter_card":"summary_large_image","twitter_misc":{"Gesch\u00e4tzte Lesezeit":"4\u00a0Minuten"},"schema":{"@context":"https:\/\/schema.org","@graph":[{"@type":"WebPage","@id":"https:\/\/www.intermodaltelematics.com\/de\/tw-popup-6\/","url":"https:\/\/www.intermodaltelematics.com\/de\/tw-popup-6\/","name":"tw-popup-6 - IMT","isPartOf":{"@id":"https:\/\/www.intermodaltelematics.com\/#website"},"primaryImageOfPage":{"@id":"https:\/\/www.intermodaltelematics.com\/de\/tw-popup-6\/#primaryimage"},"image":{"@id":"https:\/\/www.intermodaltelematics.com\/de\/tw-popup-6\/#primaryimage"},"thumbnailUrl":"https:\/\/www.intermodaltelematics.com\/wp-content\/uploads\/iso-27001-logo.svg","datePublished":"2019-09-25T11:19:31+00:00","dateModified":"2019-11-01T10:16:26+00:00","breadcrumb":{"@id":"https:\/\/www.intermodaltelematics.com\/de\/tw-popup-6\/#breadcrumb"},"inLanguage":"de","potentialAction":[{"@type":"ReadAction","target":["https:\/\/www.intermodaltelematics.com\/de\/tw-popup-6\/"]}]},{"@type":"ImageObject","inLanguage":"de","@id":"https:\/\/www.intermodaltelematics.com\/de\/tw-popup-6\/#primaryimage","url":"https:\/\/www.intermodaltelematics.com\/wp-content\/uploads\/iso-27001-logo.svg","contentUrl":"https:\/\/www.intermodaltelematics.com\/wp-content\/uploads\/iso-27001-logo.svg"},{"@type":"BreadcrumbList","@id":"https:\/\/www.intermodaltelematics.com\/de\/tw-popup-6\/#breadcrumb","itemListElement":[{"@type":"ListItem","position":1,"name":"Home","item":"https:\/\/www.intermodaltelematics.com\/de\/home\/"},{"@type":"ListItem","position":2,"name":"tw-popup-6"}]},{"@type":"WebSite","@id":"https:\/\/www.intermodaltelematics.com\/#website","url":"https:\/\/www.intermodaltelematics.com\/","name":"IMT","description":"Telematics taking over","potentialAction":[{"@type":"SearchAction","target":{"@type":"EntryPoint","urlTemplate":"https:\/\/www.intermodaltelematics.com\/?s={search_term_string}"},"query-input":{"@type":"PropertyValueSpecification","valueRequired":true,"valueName":"search_term_string"}}],"inLanguage":"de"}]}},"_links":{"self":[{"href":"https:\/\/www.intermodaltelematics.com\/de\/wp-json\/wp\/v2\/pages\/1188","targetHints":{"allow":["GET"]}}],"collection":[{"href":"https:\/\/www.intermodaltelematics.com\/de\/wp-json\/wp\/v2\/pages"}],"about":[{"href":"https:\/\/www.intermodaltelematics.com\/de\/wp-json\/wp\/v2\/types\/page"}],"author":[{"embeddable":true,"href":"https:\/\/www.intermodaltelematics.com\/de\/wp-json\/wp\/v2\/users\/1"}],"replies":[{"embeddable":true,"href":"https:\/\/www.intermodaltelematics.com\/de\/wp-json\/wp\/v2\/comments?post=1188"}],"version-history":[{"count":2,"href":"https:\/\/www.intermodaltelematics.com\/de\/wp-json\/wp\/v2\/pages\/1188\/revisions"}],"predecessor-version":[{"id":1365,"href":"https:\/\/www.intermodaltelematics.com\/de\/wp-json\/wp\/v2\/pages\/1188\/revisions\/1365"}],"wp:attachment":[{"href":"https:\/\/www.intermodaltelematics.com\/de\/wp-json\/wp\/v2\/media?parent=1188"}],"curies":[{"name":"wp","href":"https:\/\/api.w.org\/{rel}","templated":true}]}}